{"id":40,"date":"2019-09-02T12:35:26","date_gmt":"2019-09-02T12:35:26","guid":{"rendered":"http:\/\/kv-rot-weiss-reisbach.de\/?page_id=40"},"modified":"2019-10-29T12:24:36","modified_gmt":"2019-10-29T12:24:36","slug":"startseite","status":"publish","type":"page","link":"http:\/\/kv-rot-weiss-reisbach.de\/","title":{"rendered":"Startseite"},"content":{"rendered":"<p><div class=\"fusion-fullwidth fullwidth-box fusion-builder-row-1 nonhundred-percent-fullwidth non-hundred-percent-height-scrolling\" style=\"--awb-border-radius-top-left:0px;--awb-border-radius-top-right:0px;--awb-border-radius-bottom-right:0px;--awb-border-radius-bottom-left:0px;--awb-padding-bottom:70px;--awb-border-sizes-top:0px;--awb-border-sizes-bottom:0px;--awb-flex-wrap:wrap;\" ><div class=\"fusion-builder-row fusion-row\"><div class=\"fusion-layout-column fusion_builder_column fusion-builder-column-0 fusion_builder_column_1_1 1_1 fusion-one-full fusion-column-first fusion-column-last\" style=\"--awb-bg-size:cover;--awb-margin-bottom:0px;\"><div class=\"fusion-column-wrapper fusion-flex-column-wrapper-legacy\"><div class=\"fusion-text fusion-text-1\"><h1 style=\"text-align: center;\">Willkommen beim KV Rot Weiss Reisbach<\/h1>\n<h1><\/h1>\n<\/div><div class=\"fusion-clearfix\"><\/div><\/div><\/div><\/div><\/div><div class=\"fusion-fullwidth fullwidth-box fusion-builder-row-2 nonhundred-percent-fullwidth non-hundred-percent-height-scrolling\" style=\"--awb-border-radius-top-left:0px;--awb-border-radius-top-right:0px;--awb-border-radius-bottom-right:0px;--awb-border-radius-bottom-left:0px;--awb-flex-wrap:wrap;\" ><div class=\"fusion-builder-row fusion-row\"><div class=\"fusion-layout-column fusion_builder_column fusion-builder-column-1 fusion_builder_column_2_3 2_3 fusion-two-third fusion-column-first\" style=\"--awb-padding-top:;--awb-bg-size:cover;--awb-border-color:#e91e63;--awb-border-style:solid;width:66.666666666667%;width:calc(66.666666666667% - ( ( 4% ) * 0.66666666666667 ) );margin-right: 4%;\"><div class=\"fusion-column-wrapper fusion-column-has-shadow fusion-flex-column-wrapper-legacy\"><div class=\"fusion-text fusion-text-2\"><h1 style=\"text-align: center;\"><strong>Vereins News<\/strong><\/h1>\n<\/div><div class=\"fusion-blog-shortcode fusion-blog-shortcode-1 fusion-blog-archive fusion-blog-layout-large fusion-blog-pagination\"><div class=\"fusion-posts-container fusion-posts-container-pagination fusion-blog-rollover\" data-pages=\"1\"><article id=\"blog-1-post-51\" class=\"fusion-post-large has-post-thumbnail post-51 post type-post status-publish format-standard hentry category-garde\">\n\t<style type=\"text\/css\">\n\t\t\n\t\t\n\t\t\n\t\t\n\t\t\t<\/style>\n\n\n<div class=\"fusion-post-content post-content\"><h2 class=\"blog-shortcode-post-title entry-title\"><a href=\"http:\/\/kv-rot-weiss-reisbach.de\/?p=51\">Letzten Qualifikationen zur Landesmeisterschaft<\/a><\/h2><div class=\"fusion-post-content-container\"><div class=\"fusion-fullwidth fullwidth-box fusion-builder-row-2-1 nonhundred-percent-fullwidth non-hundred-percent-height-scrolling\" style=\"--awb-border-radius-top-left:0px;--awb-border-radius-top-right:0px;--awb-border-radius-bottom-right:0px;--awb-border-radius-bottom-left:0px;--awb-flex-wrap:wrap;\" ><div class=\"fusion-builder-row fusion-row\"><div class=\"fusion-layout-column fusion_builder_column fusion-builder-column-2 fusion_builder_column_1_3 1_3 fusion-one-third fusion-column-first\" style=\"--awb-bg-size:cover;width:33.333333333333%;width:calc(33.333333333333% - ( ( 4% ) * 0.33333333333333 ) );margin-right: 4%;\"><div class=\"fusion-column-wrapper fusion-column-has-shadow fusion-flex-column-wrapper-legacy\"><div class=\"fusion-image-element fusion-image-align-center in-legacy-container\" style=\"text-align:center;--awb-caption-title-font-family:var(--h2_typography-font-family);--awb-caption-title-font-weight:var(--h2_typography-font-weight);--awb-caption-title-font-style:var(--h2_typography-font-style);--awb-caption-title-size:var(--h2_typography-font-size);--awb-caption-title-transform:var(--h2_typography-text-transform);--awb-caption-title-line-height:var(--h2_typography-line-height);--awb-caption-title-letter-spacing:var(--h2_typography-letter-spacing);\"><div class=\"imageframe-align-center\"><span class=\" fusion-imageframe imageframe-none imageframe-1 hover-type-none\"><img decoding=\"async\" width=\"169\" height=\"300\" title=\"72844777_2513190958772994_2467199102253793280_n\" src=\"http:\/\/kv-rot-weiss-reisbach.de\/wp-content\/uploads\/2019\/10\/72844777_2513190958772994_2467199102253793280_n-169x300.jpg\" alt class=\"img-responsive wp-image-52\" srcset=\"http:\/\/kv-rot-weiss-reisbach.de\/wp-content\/uploads\/2019\/10\/72844777_2513190958772994_2467199102253793280_n-200x356.jpg 200w, http:\/\/kv-rot-weiss-reisbach.de\/wp-content\/uploads\/2019\/10\/72844777_2513190958772994_2467199102253793280_n-400x711.jpg 400w, http:\/\/kv-rot-weiss-reisbach.de\/wp-content\/uploads\/2019\/10\/72844777_2513190958772994_2467199102253793280_n.jpg 540w\" sizes=\"(max-width: 1100px) 100vw, 400px\" \/><\/span><\/div><\/div><div class=\"fusion-clearfix\"><\/div><\/div><\/div><div class=\"fusion-layout-column fusion_builder_column fusion-builder-column-3 fusion_builder_column_2_3 2_3 fusion-two-third fusion-column-last\" style=\"--awb-bg-size:cover;width:66.666666666667%;width:calc(66.666666666667% - ( ( 4% ) * 0.66666666666667 ) );\"><div class=\"fusion-column-wrapper fusion-column-has-shadow fusion-flex-column-wrapper-legacy\"><div class=\"fusion-text fusion-text-3\"><p>Und schon wieder hie\u00df es am Samstag, 05.10. kurzfristig die Teilnahme eines Last-Minutes-Turnier in Koblenz f\u00fcr die letzten Qualifikationen zur Landesmeisterschaft zu ergattern. Damit solche Turniere stattfinden k\u00f6nnen, braucht es Starter die auch kurzfristig daran teilnehmen. Auch wenn wir alle unsere Qualifikationen in der Tasche haben, lies sich Shirley dies nicht 2-mal sagen und wollte auch hier gerne unterst\u00fctzen und an den Start gehen. Dies gelang ihr mal wieder mit Spa\u00df, Freude und K\u00f6nnen. Sie konnte sich auch dort, wenn auch knapp im Streichwert einen 1. Platz ertanzen und war \u00fcbergl\u00fccklich. Dazu herzlichen Gl\u00fcckwunsch. Jetzt aber wirklich ein kurze Turnierpause und im Training dann sp\u00e4ter wieder alles geben damit wir alle an der Deutschen mit voller Power an den Start gehen k\u00f6nnen.<\/p>\n<\/div><div class=\"fusion-clearfix\"><\/div><\/div><\/div><\/div><\/div>\n<\/div><\/div><div class=\"fusion-clearfix\"><\/div><div class=\"fusion-meta-info\"><div class=\"fusion-alignleft\">Von <span class=\"vcard\"><span class=\"fn\"><a href=\"http:\/\/kv-rot-weiss-reisbach.de\/?author=1\" title=\"Beitr\u00e4ge von Tobias\" rel=\"author\">Tobias<\/a><\/span><\/span><span class=\"fusion-inline-sep\">|<\/span><span class=\"updated\" style=\"display:none;\">2019-10-23T13:05:21+00:00<\/span><span>Oktober 23rd, 2019<\/span><span class=\"fusion-inline-sep\">|<\/span>Kategorien: <a href=\"http:\/\/kv-rot-weiss-reisbach.de\/?cat=3\" rel=\"category\">Garde<\/a><span class=\"fusion-inline-sep\">|<\/span><span class=\"fusion-comments\"><a href=\"http:\/\/kv-rot-weiss-reisbach.de\/?p=51#respond\">0 Kommentare<\/a><\/span><\/div><div class=\"fusion-alignright\"><a class=\"fusion-read-more\" href=\"http:\/\/kv-rot-weiss-reisbach.de\/?p=51\" aria-label=\"More on Letzten Qualifikationen zur Landesmeisterschaft\">Weiterlesen<\/a><\/div><\/div><\/article>\n<\/div><\/div><div class=\"fusion-clearfix\"><\/div><\/div><\/div><div class=\"fusion-layout-column fusion_builder_column fusion-builder-column-4 fusion_builder_column_1_3 1_3 fusion-one-third fusion-column-last\" style=\"--awb-bg-size:cover;width:33.333333333333%;width:calc(33.333333333333% - ( ( 4% ) * 0.33333333333333 ) );\"><div class=\"fusion-column-wrapper fusion-column-has-shadow fusion-flex-column-wrapper-legacy\"><div class=\"fusion-text fusion-text-4\"><h1 style=\"text-align: center;\"><strong>Termine<\/strong><\/h1>\n<\/div><div class=\"fusion-clearfix\"><\/div><\/div><\/div><\/div><\/div><\/p>\n","protected":false},"excerpt":{"rendered":"","protected":false},"author":1,"featured_media":0,"parent":0,"menu_order":0,"comment_status":"closed","ping_status":"closed","template":"","meta":{"footnotes":""},"class_list":["post-40","page","type-page","status-publish","hentry"],"yoast_head":"<!-- This site is optimized with the Yoast SEO plugin v24.9 - https:\/\/yoast.com\/wordpress\/plugins\/seo\/ -->\n<title>Startseite - KV-Rot-Weiss-Reisbach<\/title>\n<meta name=\"robots\" content=\"noindex, follow, max-snippet:-1, max-image-preview:large, max-video-preview:-1\" \/>\n<meta property=\"og:locale\" content=\"de_DE\" \/>\n<meta property=\"og:type\" content=\"article\" \/>\n<meta property=\"og:title\" content=\"Startseite - KV-Rot-Weiss-Reisbach\" \/>\n<meta property=\"og:url\" content=\"http:\/\/kv-rot-weiss-reisbach.de\/\" \/>\n<meta property=\"og:site_name\" content=\"KV-Rot-Weiss-Reisbach\" \/>\n<meta property=\"article:modified_time\" content=\"2019-10-29T12:24:36+00:00\" \/>\n<meta name=\"twitter:card\" content=\"summary_large_image\" \/>\n<meta name=\"twitter:label1\" content=\"Gesch\u00e4tzte Lesezeit\" \/>\n\t<meta name=\"twitter:data1\" content=\"6\u00a0Minuten\" \/>\n<script type=\"application\/ld+json\" class=\"yoast-schema-graph\">{\"@context\":\"https:\/\/schema.org\",\"@graph\":[{\"@type\":\"WebPage\",\"@id\":\"http:\/\/kv-rot-weiss-reisbach.de\/\",\"url\":\"http:\/\/kv-rot-weiss-reisbach.de\/\",\"name\":\"Startseite - KV-Rot-Weiss-Reisbach\",\"isPartOf\":{\"@id\":\"http:\/\/kv-rot-weiss-reisbach.de\/#website\"},\"datePublished\":\"2019-09-02T12:35:26+00:00\",\"dateModified\":\"2019-10-29T12:24:36+00:00\",\"breadcrumb\":{\"@id\":\"http:\/\/kv-rot-weiss-reisbach.de\/#breadcrumb\"},\"inLanguage\":\"de\",\"potentialAction\":[{\"@type\":\"ReadAction\",\"target\":[\"http:\/\/kv-rot-weiss-reisbach.de\/\"]}]},{\"@type\":\"BreadcrumbList\",\"@id\":\"http:\/\/kv-rot-weiss-reisbach.de\/#breadcrumb\",\"itemListElement\":[{\"@type\":\"ListItem\",\"position\":1,\"name\":\"Startseite\",\"item\":\"http:\/\/kv-rot-weiss-reisbach.de\/\"},{\"@type\":\"ListItem\",\"position\":2,\"name\":\"Startseite\"}]},{\"@type\":\"WebSite\",\"@id\":\"http:\/\/kv-rot-weiss-reisbach.de\/#website\",\"url\":\"http:\/\/kv-rot-weiss-reisbach.de\/\",\"name\":\"KV-Rot-Weiss-Reisbach\",\"description\":\"Just another WordPress site\",\"potentialAction\":[{\"@type\":\"SearchAction\",\"target\":{\"@type\":\"EntryPoint\",\"urlTemplate\":\"http:\/\/kv-rot-weiss-reisbach.de\/?s={search_term_string}\"},\"query-input\":{\"@type\":\"PropertyValueSpecification\",\"valueRequired\":true,\"valueName\":\"search_term_string\"}}],\"inLanguage\":\"de\"}]}<\/script>\n<!-- \/ Yoast SEO plugin. -->","yoast_head_json":{"title":"Startseite - KV-Rot-Weiss-Reisbach","robots":{"index":"noindex","follow":"follow","max-snippet":"max-snippet:-1","max-image-preview":"max-image-preview:large","max-video-preview":"max-video-preview:-1"},"og_locale":"de_DE","og_type":"article","og_title":"Startseite - KV-Rot-Weiss-Reisbach","og_url":"http:\/\/kv-rot-weiss-reisbach.de\/","og_site_name":"KV-Rot-Weiss-Reisbach","article_modified_time":"2019-10-29T12:24:36+00:00","twitter_card":"summary_large_image","twitter_misc":{"Gesch\u00e4tzte Lesezeit":"6\u00a0Minuten"},"schema":{"@context":"https:\/\/schema.org","@graph":[{"@type":"WebPage","@id":"http:\/\/kv-rot-weiss-reisbach.de\/","url":"http:\/\/kv-rot-weiss-reisbach.de\/","name":"Startseite - KV-Rot-Weiss-Reisbach","isPartOf":{"@id":"http:\/\/kv-rot-weiss-reisbach.de\/#website"},"datePublished":"2019-09-02T12:35:26+00:00","dateModified":"2019-10-29T12:24:36+00:00","breadcrumb":{"@id":"http:\/\/kv-rot-weiss-reisbach.de\/#breadcrumb"},"inLanguage":"de","potentialAction":[{"@type":"ReadAction","target":["http:\/\/kv-rot-weiss-reisbach.de\/"]}]},{"@type":"BreadcrumbList","@id":"http:\/\/kv-rot-weiss-reisbach.de\/#breadcrumb","itemListElement":[{"@type":"ListItem","position":1,"name":"Startseite","item":"http:\/\/kv-rot-weiss-reisbach.de\/"},{"@type":"ListItem","position":2,"name":"Startseite"}]},{"@type":"WebSite","@id":"http:\/\/kv-rot-weiss-reisbach.de\/#website","url":"http:\/\/kv-rot-weiss-reisbach.de\/","name":"KV-Rot-Weiss-Reisbach","description":"Just another WordPress site","potentialAction":[{"@type":"SearchAction","target":{"@type":"EntryPoint","urlTemplate":"http:\/\/kv-rot-weiss-reisbach.de\/?s={search_term_string}"},"query-input":{"@type":"PropertyValueSpecification","valueRequired":true,"valueName":"search_term_string"}}],"inLanguage":"de"}]}},"_links":{"self":[{"href":"http:\/\/kv-rot-weiss-reisbach.de\/index.php?rest_route=\/wp\/v2\/pages\/40","targetHints":{"allow":["GET"]}}],"collection":[{"href":"http:\/\/kv-rot-weiss-reisbach.de\/index.php?rest_route=\/wp\/v2\/pages"}],"about":[{"href":"http:\/\/kv-rot-weiss-reisbach.de\/index.php?rest_route=\/wp\/v2\/types\/page"}],"author":[{"embeddable":true,"href":"http:\/\/kv-rot-weiss-reisbach.de\/index.php?rest_route=\/wp\/v2\/users\/1"}],"replies":[{"embeddable":true,"href":"http:\/\/kv-rot-weiss-reisbach.de\/index.php?rest_route=%2Fwp%2Fv2%2Fcomments&post=40"}],"version-history":[{"count":24,"href":"http:\/\/kv-rot-weiss-reisbach.de\/index.php?rest_route=\/wp\/v2\/pages\/40\/revisions"}],"predecessor-version":[{"id":90,"href":"http:\/\/kv-rot-weiss-reisbach.de\/index.php?rest_route=\/wp\/v2\/pages\/40\/revisions\/90"}],"wp:attachment":[{"href":"http:\/\/kv-rot-weiss-reisbach.de\/index.php?rest_route=%2Fwp%2Fv2%2Fmedia&parent=40"}],"curies":[{"name":"wp","href":"https:\/\/api.w.org\/{rel}","templated":true}]}}